{"id":100,"date":"2009-01-13T18:10:34","date_gmt":"2009-01-13T17:10:34","guid":{"rendered":"http:\/\/beta.asoc-fulbright.es\/?page_id=100"},"modified":"2009-06-25T09:41:02","modified_gmt":"2009-06-25T08:41:02","slug":"comisiones-de-trabajo","status":"publish","type":"page","link":"https:\/\/asoc-fulbright.es\/?page_id=100","title":{"rendered":"Comisiones"},"content":{"rendered":"<div class=\"documentDescription\">La Asociaci\u00f3n cuenta con algunas comisiones de trabajo encargadas de realizar diversas tareas dentro de la Asociaci\u00f3n. Aqu\u00ed puedes encontrar una lista e informaci\u00f3n extendida de cada una de ellas:<\/div>\n<div class=\"documentDescription\">\n<ul>\n<li><a href=\"\/?page_id=104\">Ayuda a becarios (corresponde a CABE)<br \/>\n<\/a><\/li>\n<li><a href=\"\/?page_id=117\">Acogida de Becarios Americanos (corresponde a CABA)<\/a><\/li>\n<li><a href=\"\/?page_id=106\">Relaciones con Otras Asociaciones (corresponde a CROA<\/a><\/li>\n<li><a href=\"\/?page_id=109\" >Organizacion de Tertulias (corresponde a COTE)<\/a><\/li>\n<li><a href=\"\/?page_id=111\" >Revista de la Asociaci\u00f3n (corresponde a COFU)<\/a><\/li>\n<li><a href=\"\/?page_id=113\">Beca de la Asociaci\u00f3n (corresponde a COBE)<\/a><\/li>\n<li><a href=\"\/?page_id=115\" >Web de la Asociaci\u00f3n (corresponde a CAWA)<\/a><\/lI>\n<li><a href=\"\/?page_id=120\" >Encuentros Nacionales (corresponde a COEN)<\/a><\/li>\n<\/ul>\n<\/div>\n","protected":false},"excerpt":{"rendered":"<p>La Asociaci\u00f3n cuenta con algunas comisiones de trabajo encargadas de realizar diversas tareas dentro de la Asociaci\u00f3n. Aqu\u00ed puedes encontrar una lista e informaci\u00f3n extendida de cada una de ellas: Ayuda a becarios (corresponde a CABE) Acogida de Becarios Americanos (corresponde a CABA) Relaciones con Otras Asociaciones (corresponde a CROA Organizacion de Tertulias (corresponde a [&hellip;]<\/p>\n","protected":false},"author":1,"featured_media":0,"parent":611,"menu_order":0,"comment_status":"open","ping_status":"open","template":"","meta":{"ngg_post_thumbnail":0,"footnotes":""},"class_list":["post-100","page","type-page","status-publish","hentry"],"_links":{"self":[{"href":"https:\/\/asoc-fulbright.es\/index.php?rest_route=\/wp\/v2\/pages\/100","targetHints":{"allow":["GET"]}}],"collection":[{"href":"https:\/\/asoc-fulbright.es\/index.php?rest_route=\/wp\/v2\/pages"}],"about":[{"href":"https:\/\/asoc-fulbright.es\/index.php?rest_route=\/wp\/v2\/types\/page"}],"author":[{"embeddable":true,"href":"https:\/\/asoc-fulbright.es\/index.php?rest_route=\/wp\/v2\/users\/1"}],"replies":[{"embeddable":true,"href":"https:\/\/asoc-fulbright.es\/index.php?rest_route=%2Fwp%2Fv2%2Fcomments&post=100"}],"version-history":[{"count":22,"href":"https:\/\/asoc-fulbright.es\/index.php?rest_route=\/wp\/v2\/pages\/100\/revisions"}],"predecessor-version":[{"id":839,"href":"https:\/\/asoc-fulbright.es\/index.php?rest_route=\/wp\/v2\/pages\/100\/revisions\/839"}],"up":[{"embeddable":true,"href":"https:\/\/asoc-fulbright.es\/index.php?rest_route=\/wp\/v2\/pages\/611"}],"wp:attachment":[{"href":"https:\/\/asoc-fulbright.es\/index.php?rest_route=%2Fwp%2Fv2%2Fmedia&parent=100"}],"curies":[{"name":"wp","href":"https:\/\/api.w.org\/{rel}","templated":true}]}}